{"id":1239,"date":"2018-10-14T15:04:29","date_gmt":"2018-10-14T13:04:29","guid":{"rendered":"https:\/\/www.twistedkeys.com\/contact\/"},"modified":"2020-10-12T12:11:59","modified_gmt":"2020-10-12T10:11:59","slug":"contact","status":"publish","type":"page","link":"https:\/\/www.twistedkeys.com\/en\/contact\/","title":{"rendered":"Contact"},"content":{"rendered":"<div id=\"cs-content\" class=\"cs-content\"><\/div>\n","protected":false},"excerpt":{"rendered":"<p>V\u00e4gbeskrivning Bes\u00f6ksadress Twisted keys Infanterigatan 29 171 59 Solna 079-333 97 66 info@twistedkeys.com Ifall ni har n\u00e5gon fr\u00e5ga, fundering eller feedback f\u00e5r ni v\u00e4nligen fylla i v\u00e5rat kontaktformul\u00e4r s\u00e5 \u00e5terkommer vi s\u00e5 fort vi kan. &nbsp; Ditt namn (obligatorisk) Din epost (obligatorisk) \u00c4mne Ditt meddelande &nbsp;<\/p>\n","protected":false},"author":1,"featured_media":0,"parent":0,"menu_order":0,"comment_status":"closed","ping_status":"closed","template":"template-blank-4.php","meta":{"footnotes":""},"class_list":["post-1239","page","type-page","status-publish","hentry","no-post-thumbnail"],"yoast_head":"<!-- This site is optimized with the Yoast SEO plugin v25.1 - https:\/\/yoast.com\/wordpress\/plugins\/seo\/ -->\n<title>Contact - Twisted Keys Escape Room Escape Room Stockholm<\/title>\n<meta name=\"description\" content=\"If you need to get in touch with us our email, phone and address details are available here.\" \/>\n<meta name=\"robots\" content=\"index, follow, max-snippet:-1, max-image-preview:large, max-video-preview:-1\" \/>\n<link rel=\"canonical\" href=\"https:\/\/www.twistedkeys.com\/en\/contact\/\" \/>\n<meta property=\"og:locale\" content=\"en_US\" \/>\n<meta property=\"og:type\" content=\"article\" \/>\n<meta property=\"og:title\" content=\"Contact - Twisted Keys Escape Room Escape Room Stockholm\" \/>\n<meta property=\"og:description\" content=\"If you need to get in touch with us our email, phone and address details are available here.\" \/>\n<meta property=\"og:url\" content=\"https:\/\/www.twistedkeys.com\/en\/contact\/\" \/>\n<meta property=\"og:site_name\" content=\"Twisted Keys Escape Room\" \/>\n<meta property=\"article:publisher\" content=\"https:\/\/www.facebook.com\/twistkeys\" \/>\n<meta property=\"article:modified_time\" content=\"2020-10-12T10:11:59+00:00\" \/>\n<meta name=\"twitter:card\" content=\"summary_large_image\" \/>\n<meta name=\"twitter:site\" content=\"@KeysTwisted\" \/>\n<meta name=\"twitter:label1\" content=\"Est. reading time\" \/>\n\t<meta name=\"twitter:data1\" content=\"2 minutes\" \/>\n<script type=\"application\/ld+json\" class=\"yoast-schema-graph\">{\"@context\":\"https:\/\/schema.org\",\"@graph\":[{\"@type\":\"WebPage\",\"@id\":\"https:\/\/www.twistedkeys.com\/en\/contact\/\",\"url\":\"https:\/\/www.twistedkeys.com\/en\/contact\/\",\"name\":\"Contact - Twisted Keys Escape Room Escape Room Stockholm\",\"isPartOf\":{\"@id\":\"https:\/\/www.twistedkeys.com\/en\/#website\"},\"datePublished\":\"2018-10-14T13:04:29+00:00\",\"dateModified\":\"2020-10-12T10:11:59+00:00\",\"description\":\"If you need to get in touch with us our email, phone and address details are available here.\",\"breadcrumb\":{\"@id\":\"https:\/\/www.twistedkeys.com\/en\/contact\/#breadcrumb\"},\"inLanguage\":\"en-US\",\"potentialAction\":[{\"@type\":\"ReadAction\",\"target\":[\"https:\/\/www.twistedkeys.com\/en\/contact\/\"]}]},{\"@type\":\"BreadcrumbList\",\"@id\":\"https:\/\/www.twistedkeys.com\/en\/contact\/#breadcrumb\",\"itemListElement\":[{\"@type\":\"ListItem\",\"position\":1,\"name\":\"Hem\",\"item\":\"https:\/\/www.twistedkeys.com\/en\/\"},{\"@type\":\"ListItem\",\"position\":2,\"name\":\"Contact\"}]},{\"@type\":\"WebSite\",\"@id\":\"https:\/\/www.twistedkeys.com\/en\/#website\",\"url\":\"https:\/\/www.twistedkeys.com\/en\/\",\"name\":\"Twisted Keys Escape Room\",\"description\":\"Twisted Keys Escape Room A real life escape room adventure\",\"publisher\":{\"@id\":\"https:\/\/www.twistedkeys.com\/en\/#organization\"},\"potentialAction\":[{\"@type\":\"SearchAction\",\"target\":{\"@type\":\"EntryPoint\",\"urlTemplate\":\"https:\/\/www.twistedkeys.com\/en\/?s={search_term_string}\"},\"query-input\":{\"@type\":\"PropertyValueSpecification\",\"valueRequired\":true,\"valueName\":\"search_term_string\"}}],\"inLanguage\":\"en-US\"},{\"@type\":\"Organization\",\"@id\":\"https:\/\/www.twistedkeys.com\/en\/#organization\",\"name\":\"Twisted Keys Escape Room\",\"url\":\"https:\/\/www.twistedkeys.com\/en\/\",\"logo\":{\"@type\":\"ImageObject\",\"inLanguage\":\"en-US\",\"@id\":\"https:\/\/www.twistedkeys.com\/en\/#\/schema\/logo\/image\/\",\"url\":\"https:\/\/www.twistedkeys.com\/wp-content\/uploads\/2016\/11\/Twistedkeyslogo-small.png\",\"contentUrl\":\"https:\/\/www.twistedkeys.com\/wp-content\/uploads\/2016\/11\/Twistedkeyslogo-small.png\",\"width\":400,\"height\":400,\"caption\":\"Twisted Keys Escape Room\"},\"image\":{\"@id\":\"https:\/\/www.twistedkeys.com\/en\/#\/schema\/logo\/image\/\"},\"sameAs\":[\"https:\/\/www.facebook.com\/twistkeys\",\"https:\/\/x.com\/KeysTwisted\",\"https:\/\/instagram.com\/twistedkeys\/\",\"https:\/\/www.youtube.com\/channel\/UCzfetraJGBUdW8pEbkLefeg\"]}]}<\/script>\n<!-- \/ Yoast SEO plugin. -->","yoast_head_json":{"title":"Contact - Twisted Keys Escape Room Escape Room Stockholm","description":"If you need to get in touch with us our email, phone and address details are available here.","robots":{"index":"index","follow":"follow","max-snippet":"max-snippet:-1","max-image-preview":"max-image-preview:large","max-video-preview":"max-video-preview:-1"},"canonical":"https:\/\/www.twistedkeys.com\/en\/contact\/","og_locale":"en_US","og_type":"article","og_title":"Contact - Twisted Keys Escape Room Escape Room Stockholm","og_description":"If you need to get in touch with us our email, phone and address details are available here.","og_url":"https:\/\/www.twistedkeys.com\/en\/contact\/","og_site_name":"Twisted Keys Escape Room","article_publisher":"https:\/\/www.facebook.com\/twistkeys","article_modified_time":"2020-10-12T10:11:59+00:00","twitter_card":"summary_large_image","twitter_site":"@KeysTwisted","twitter_misc":{"Est. reading time":"2 minutes"},"schema":{"@context":"https:\/\/schema.org","@graph":[{"@type":"WebPage","@id":"https:\/\/www.twistedkeys.com\/en\/contact\/","url":"https:\/\/www.twistedkeys.com\/en\/contact\/","name":"Contact - Twisted Keys Escape Room Escape Room Stockholm","isPartOf":{"@id":"https:\/\/www.twistedkeys.com\/en\/#website"},"datePublished":"2018-10-14T13:04:29+00:00","dateModified":"2020-10-12T10:11:59+00:00","description":"If you need to get in touch with us our email, phone and address details are available here.","breadcrumb":{"@id":"https:\/\/www.twistedkeys.com\/en\/contact\/#breadcrumb"},"inLanguage":"en-US","potentialAction":[{"@type":"ReadAction","target":["https:\/\/www.twistedkeys.com\/en\/contact\/"]}]},{"@type":"BreadcrumbList","@id":"https:\/\/www.twistedkeys.com\/en\/contact\/#breadcrumb","itemListElement":[{"@type":"ListItem","position":1,"name":"Hem","item":"https:\/\/www.twistedkeys.com\/en\/"},{"@type":"ListItem","position":2,"name":"Contact"}]},{"@type":"WebSite","@id":"https:\/\/www.twistedkeys.com\/en\/#website","url":"https:\/\/www.twistedkeys.com\/en\/","name":"Twisted Keys Escape Room","description":"Twisted Keys Escape Room A real life escape room adventure","publisher":{"@id":"https:\/\/www.twistedkeys.com\/en\/#organization"},"potentialAction":[{"@type":"SearchAction","target":{"@type":"EntryPoint","urlTemplate":"https:\/\/www.twistedkeys.com\/en\/?s={search_term_string}"},"query-input":{"@type":"PropertyValueSpecification","valueRequired":true,"valueName":"search_term_string"}}],"inLanguage":"en-US"},{"@type":"Organization","@id":"https:\/\/www.twistedkeys.com\/en\/#organization","name":"Twisted Keys Escape Room","url":"https:\/\/www.twistedkeys.com\/en\/","logo":{"@type":"ImageObject","inLanguage":"en-US","@id":"https:\/\/www.twistedkeys.com\/en\/#\/schema\/logo\/image\/","url":"https:\/\/www.twistedkeys.com\/wp-content\/uploads\/2016\/11\/Twistedkeyslogo-small.png","contentUrl":"https:\/\/www.twistedkeys.com\/wp-content\/uploads\/2016\/11\/Twistedkeyslogo-small.png","width":400,"height":400,"caption":"Twisted Keys Escape Room"},"image":{"@id":"https:\/\/www.twistedkeys.com\/en\/#\/schema\/logo\/image\/"},"sameAs":["https:\/\/www.facebook.com\/twistkeys","https:\/\/x.com\/KeysTwisted","https:\/\/instagram.com\/twistedkeys\/","https:\/\/www.youtube.com\/channel\/UCzfetraJGBUdW8pEbkLefeg"]}]}},"_links":{"self":[{"href":"https:\/\/www.twistedkeys.com\/en\/wp-json\/wp\/v2\/pages\/1239","targetHints":{"allow":["GET"]}}],"collection":[{"href":"https:\/\/www.twistedkeys.com\/en\/wp-json\/wp\/v2\/pages"}],"about":[{"href":"https:\/\/www.twistedkeys.com\/en\/wp-json\/wp\/v2\/types\/page"}],"author":[{"embeddable":true,"href":"https:\/\/www.twistedkeys.com\/en\/wp-json\/wp\/v2\/users\/1"}],"replies":[{"embeddable":true,"href":"https:\/\/www.twistedkeys.com\/en\/wp-json\/wp\/v2\/comments?post=1239"}],"version-history":[{"count":0,"href":"https:\/\/www.twistedkeys.com\/en\/wp-json\/wp\/v2\/pages\/1239\/revisions"}],"wp:attachment":[{"href":"https:\/\/www.twistedkeys.com\/en\/wp-json\/wp\/v2\/media?parent=1239"}],"curies":[{"name":"wp","href":"https:\/\/api.w.org\/{rel}","templated":true}]}}